{"id":85,"date":"2023-06-06T22:37:17","date_gmt":"2023-06-06T20:37:17","guid":{"rendered":"https:\/\/www.johanna-mathieu.fr\/?page_id=85"},"modified":"2023-06-12T22:01:45","modified_gmt":"2023-06-12T20:01:45","slug":"rsvp","status":"publish","type":"page","link":"https:\/\/www.johanna-mathieu.fr\/index.php\/rsvp\/","title":{"rendered":"Laissez-nous un message"},"content":{"rendered":"<style id=\"wpforms-css-vars-root\">\n\t\t\t\t:root {\n\t\t\t\t\t--wpforms-field-border-radius: 3px;\n--wpforms-field-border-style: solid;\n--wpforms-field-border-size: 1px;\n--wpforms-field-background-color: #ffffff;\n--wpforms-field-border-color: rgba( 0, 0, 0, 0.25 );\n--wpforms-field-border-color-spare: rgba( 0, 0, 0, 0.25 );\n--wpforms-field-text-color: rgba( 0, 0, 0, 0.7 );\n--wpforms-field-menu-color: #ffffff;\n--wpforms-label-color: rgba( 0, 0, 0, 0.85 );\n--wpforms-label-sublabel-color: rgba( 0, 0, 0, 0.55 );\n--wpforms-label-error-color: #d63637;\n--wpforms-button-border-radius: 3px;\n--wpforms-button-border-style: none;\n--wpforms-button-border-size: 1px;\n--wpforms-button-background-color: #066aab;\n--wpforms-button-border-color: #066aab;\n--wpforms-button-text-color: #ffffff;\n--wpforms-page-break-color: #066aab;\n--wpforms-background-image: none;\n--wpforms-background-position: center center;\n--wpforms-background-repeat: no-repeat;\n--wpforms-background-size: cover;\n--wpforms-background-width: 100px;\n--wpforms-background-height: 100px;\n--wpforms-background-color: rgba( 0, 0, 0, 0 );\n--wpforms-background-url: none;\n--wpforms-container-padding: 0px;\n--wpforms-container-border-style: none;\n--wpforms-container-border-width: 1px;\n--wpforms-container-border-color: #000000;\n--wpforms-container-border-radius: 3px;\n--wpforms-field-size-input-height: 43px;\n--wpforms-field-size-input-spacing: 15px;\n--wpforms-field-size-font-size: 16px;\n--wpforms-field-size-line-height: 19px;\n--wpforms-field-size-padding-h: 14px;\n--wpforms-field-size-checkbox-size: 16px;\n--wpforms-field-size-sublabel-spacing: 5px;\n--wpforms-field-size-icon-size: 1;\n--wpforms-label-size-font-size: 16px;\n--wpforms-label-size-line-height: 19px;\n--wpforms-label-size-sublabel-font-size: 14px;\n--wpforms-label-size-sublabel-line-height: 17px;\n--wpforms-button-size-font-size: 17px;\n--wpforms-button-size-height: 41px;\n--wpforms-button-size-padding-h: 15px;\n--wpforms-button-size-margin-top: 10px;\n--wpforms-container-shadow-size-box-shadow: none;\n\n\t\t\t\t}\n\t\t\t<\/style><div class=\"wpforms-container wpforms-container-full wpforms-block wpforms-block-83b1e969-38f4-4e98-b746-fd8ef08cbc63 wpforms-render-modern\" id=\"wpforms-81\"><form id=\"wpforms-form-81\" class=\"wpforms-validate wpforms-form wpforms-ajax-form\" data-formid=\"81\" method=\"post\" enctype=\"multipart\/form-data\" action=\"\/index.php\/wp-json\/wp\/v2\/pages\/85\" data-token=\"7d0d15792c84c349a69807c78c1384eb\" data-token-time=\"1775808274\"><noscript class=\"wpforms-error-noscript\">Please enable JavaScript in your browser to complete this form.<\/noscript><div class=\"wpforms-hidden\" id=\"wpforms-error-noscript\">Please enable JavaScript in your browser to complete this form.<\/div><div class=\"wpforms-field-container\"><div id=\"wpforms-81-field_1-container\" class=\"wpforms-field wpforms-field-name\" data-field-id=\"1\"><label class=\"wpforms-field-label\" for=\"wpforms-81-field_1\">Pr\u00e9nom NOM <span class=\"wpforms-required-label\" aria-hidden=\"true\">*<\/span><\/label><input type=\"text\" id=\"wpforms-81-field_1\" class=\"wpforms-field-medium wpforms-field-required\" name=\"wpforms[fields][1]\" aria-errormessage=\"wpforms-81-field_1-error\" required><\/div><div id=\"wpforms-81-field_8-container\" class=\"wpforms-field wpforms-field-email\" data-field-id=\"8\"><label class=\"wpforms-field-label\" for=\"wpforms-81-field_8\">Email <span class=\"wpforms-required-label\" aria-hidden=\"true\">*<\/span><\/label><input type=\"email\" id=\"wpforms-81-field_8\" class=\"wpforms-field-medium wpforms-field-required\" name=\"wpforms[fields][8]\" spellcheck=\"false\" aria-errormessage=\"wpforms-81-field_8-error\" required><\/div><div id=\"wpforms-81-field_4-container\" class=\"wpforms-field wpforms-field-radio\" data-field-id=\"4\"><fieldset><legend class=\"wpforms-field-label\">Serez-vous des n\u00f4tres samedi 02 septembre ? <span class=\"wpforms-required-label\" aria-hidden=\"true\">*<\/span><\/legend><ul id=\"wpforms-81-field_4\" class=\"wpforms-field-required\"><li class=\"choice-1 depth-1\"><input type=\"radio\" id=\"wpforms-81-field_4_1\" name=\"wpforms[fields][4]\" value=\"Oui, nous serons pr\u00e9sents pour f\u00eater l&#039;occasion\" aria-errormessage=\"wpforms-81-field_4_1-error\" required ><label class=\"wpforms-field-label-inline\" for=\"wpforms-81-field_4_1\">Oui, nous serons pr\u00e9sents pour f\u00eater l&#8217;occasion<\/label><\/li><li class=\"choice-2 depth-1\"><input type=\"radio\" id=\"wpforms-81-field_4_2\" name=\"wpforms[fields][4]\" value=\"Nous ne pourrons \u00eatre pr\u00e9sents\" aria-errormessage=\"wpforms-81-field_4_2-error\" required ><label class=\"wpforms-field-label-inline\" for=\"wpforms-81-field_4_2\">Nous ne pourrons \u00eatre pr\u00e9sents<\/label><\/li><\/ul><\/fieldset><\/div><div id=\"wpforms-81-field_10-container\" class=\"wpforms-field wpforms-field-number\" data-field-id=\"10\"><label class=\"wpforms-field-label\" for=\"wpforms-81-field_10\">Nombre d&#039;adultes pr\u00e9sents <span class=\"wpforms-required-label\" aria-hidden=\"true\">*<\/span><\/label><input type=\"number\" id=\"wpforms-81-field_10\" class=\"wpforms-field-medium wpforms-field-required\" name=\"wpforms[fields][10]\" aria-errormessage=\"wpforms-81-field_10-error\" required><\/div><div id=\"wpforms-81-field_11-container\" class=\"wpforms-field wpforms-field-number\" data-field-id=\"11\"><label class=\"wpforms-field-label\" for=\"wpforms-81-field_11\">Nombre d&#039;enfants pr\u00e9sents <span class=\"wpforms-required-label\" aria-hidden=\"true\">*<\/span><\/label><input type=\"number\" id=\"wpforms-81-field_11\" class=\"wpforms-field-medium wpforms-field-required\" name=\"wpforms[fields][11]\" aria-errormessage=\"wpforms-81-field_11-error\" required><\/div><div id=\"wpforms-81-field_13-container\" class=\"wpforms-field wpforms-field-textarea\" data-field-id=\"13\"><label class=\"wpforms-field-label\" for=\"wpforms-81-field_13\">Pr\u00e9nom des invit\u00e9s qui seront pr\u00e9sents <span class=\"wpforms-required-label\" aria-hidden=\"true\">*<\/span><\/label><textarea id=\"wpforms-81-field_13\" class=\"wpforms-field-medium wpforms-field-required\" name=\"wpforms[fields][13]\" aria-errormessage=\"wpforms-81-field_13-error\" required><\/textarea><\/div><div id=\"wpforms-81-field_14-container\" class=\"wpforms-field wpforms-field-radio\" data-field-id=\"14\"><fieldset><legend class=\"wpforms-field-label\">Participerez-vous \u00e9galement au brunch du dimanche ? <span class=\"wpforms-required-label\" aria-hidden=\"true\">*<\/span><\/legend><ul id=\"wpforms-81-field_14\" class=\"wpforms-field-required\"><li class=\"choice-1 depth-1\"><input type=\"radio\" id=\"wpforms-81-field_14_1\" name=\"wpforms[fields][14]\" value=\"Oui, nous participerons le dimanche\" aria-errormessage=\"wpforms-81-field_14_1-error\" required ><label class=\"wpforms-field-label-inline\" for=\"wpforms-81-field_14_1\">Oui, nous participerons le dimanche<\/label><\/li><li class=\"choice-2 depth-1\"><input type=\"radio\" id=\"wpforms-81-field_14_2\" name=\"wpforms[fields][14]\" value=\"Non, nous ne serons pas pr\u00e9sents\" aria-errormessage=\"wpforms-81-field_14_2-error\" required ><label class=\"wpforms-field-label-inline\" for=\"wpforms-81-field_14_2\">Non, nous ne serons pas pr\u00e9sents<\/label><\/li><\/ul><\/fieldset><\/div><div id=\"wpforms-81-field_7-container\" class=\"wpforms-field wpforms-field-textarea\" data-field-id=\"7\"><label class=\"wpforms-field-label\" for=\"wpforms-81-field_7\">Laissez-nous un petit message !<\/label><textarea id=\"wpforms-81-field_7\" class=\"wpforms-field-medium\" name=\"wpforms[fields][7]\" aria-errormessage=\"wpforms-81-field_7-error\" ><\/textarea><\/div><\/div><!-- .wpforms-field-container --><div class=\"wpforms-recaptcha-container wpforms-is-recaptcha wpforms-is-recaptcha-type-v3\" ><input type=\"hidden\" name=\"wpforms[recaptcha]\" value=\"\"><\/div><div class=\"wpforms-submit-container\" ><input type=\"hidden\" name=\"wpforms[id]\" value=\"81\"><input type=\"hidden\" name=\"page_title\" value=\"\"><input type=\"hidden\" name=\"page_url\" value=\"https:\/\/www.johanna-mathieu.fr\/index.php\/wp-json\/wp\/v2\/pages\/85\"><button type=\"submit\" name=\"wpforms[submit]\" id=\"wpforms-submit-81\" class=\"wpforms-submit\" data-alt-text=\"Sending...\" data-submit-text=\"Enregistrer\" aria-live=\"assertive\" value=\"wpforms-submit\">Enregistrer<\/button><img loading=\"lazy\" decoding=\"async\" src=\"https:\/\/www.johanna-mathieu.fr\/wp-content\/plugins\/wpforms-lite\/assets\/images\/submit-spin.svg\" class=\"wpforms-submit-spinner\" style=\"display: none;\" width=\"26\" height=\"26\" alt=\"Loading\"><\/div><\/form><\/div>  <!-- .wpforms-container -->","protected":false},"excerpt":{"rendered":"","protected":false},"author":3,"featured_media":0,"parent":0,"menu_order":0,"comment_status":"closed","ping_status":"closed","template":"page-fullwidth.php","meta":{"footnotes":""},"class_list":["post-85","page","type-page","status-publish","hentry"],"_links":{"self":[{"href":"https:\/\/www.johanna-mathieu.fr\/index.php\/wp-json\/wp\/v2\/pages\/85"}],"collection":[{"href":"https:\/\/www.johanna-mathieu.fr\/index.php\/wp-json\/wp\/v2\/pages"}],"about":[{"href":"https:\/\/www.johanna-mathieu.fr\/index.php\/wp-json\/wp\/v2\/types\/page"}],"author":[{"embeddable":true,"href":"https:\/\/www.johanna-mathieu.fr\/index.php\/wp-json\/wp\/v2\/users\/3"}],"replies":[{"embeddable":true,"href":"https:\/\/www.johanna-mathieu.fr\/index.php\/wp-json\/wp\/v2\/comments?post=85"}],"version-history":[{"count":4,"href":"https:\/\/www.johanna-mathieu.fr\/index.php\/wp-json\/wp\/v2\/pages\/85\/revisions"}],"predecessor-version":[{"id":261,"href":"https:\/\/www.johanna-mathieu.fr\/index.php\/wp-json\/wp\/v2\/pages\/85\/revisions\/261"}],"wp:attachment":[{"href":"https:\/\/www.johanna-mathieu.fr\/index.php\/wp-json\/wp\/v2\/media?parent=85"}],"curies":[{"name":"wp","href":"https:\/\/api.w.org\/{rel}","templated":true}]}}