{"id":45,"date":"2023-06-04T20:53:18","date_gmt":"2023-06-04T18:53:18","guid":{"rendered":"https:\/\/www.johanna-mathieu.fr\/?page_id=45"},"modified":"2023-06-14T22:42:05","modified_gmt":"2023-06-14T20:42:05","slug":"informations-pratiques","status":"publish","type":"page","link":"https:\/\/www.johanna-mathieu.fr\/index.php\/informations-pratiques\/","title":{"rendered":"La soir\u00e9e"},"content":{"rendered":"\n<p class=\"has-text-align-center\">Nous vous attendons <\/p>\n\n\n\n<p class=\"has-text-align-center\">le samedi 02 septembre 2023 \u00e0 18h00<\/p>\n\n\n\n<p class=\"has-text-align-center\">\u00e0 la salle La Louvi\u00e8re de Velaine-sous-Amance. <\/p>\n\n\n\n<figure class=\"wp-block-gallery has-nested-images columns-default is-cropped wp-block-gallery-2 is-layout-flex wp-block-gallery-is-layout-flex\">\n<figure class=\"wp-block-image size-large is-style-default wp-duotone-unset-1\"><img loading=\"lazy\" decoding=\"async\" width=\"606\" height=\"341\" data-id=\"274\" src=\"https:\/\/storage.googleapis.com\/www-johanna-mathieu-fr-wpcontent-eddbcfb94\/2023\/06\/8b8b9b0e-img_2430-edited-1.jpg\" alt=\"\" class=\"wp-image-274\" srcset=\"https:\/\/storage.googleapis.com\/www-johanna-mathieu-fr-wpcontent-eddbcfb94\/2024\/07\/8b8b9b0e-img_2430-edited-1.jpg 606w, https:\/\/storage.googleapis.com\/www-johanna-mathieu-fr-wpcontent-eddbcfb94\/2024\/07\/8b8b9b0e-img_2430-edited-1-300x169.jpg 300w\" sizes=\"(max-width: 606px) 100vw, 606px\" \/><\/figure>\n<\/figure>\n\n\n\n<div style=\"height:32px\" aria-hidden=\"true\" class=\"wp-block-spacer\"><\/div>\n\n\n\n<p>La salle se situe \u00e0 Velaine-sous-Amance, \u00e0 environ 15 km \u00e0 l&#8217;Est de Nancy, \u00e0 c\u00f4t\u00e9 du stade municipal. <\/p>\n\n\n","protected":false},"excerpt":{"rendered":"<p>Nous vous attendons le samedi 02 septembre 2023 \u00e0 18h00 \u00e0 la salle La Louvi\u00e8re de Velaine-sous-Amance. La salle se situe \u00e0 Velaine-sous-Amance, \u00e0 environ 15 km \u00e0 l&#8217;Est de Nancy, \u00e0 c\u00f4t\u00e9 du stade municipal.<\/p>\n","protected":false},"author":3,"featured_media":0,"parent":0,"menu_order":0,"comment_status":"closed","ping_status":"closed","template":"","meta":{"footnotes":""},"class_list":["post-45","page","type-page","status-publish","hentry"],"_links":{"self":[{"href":"https:\/\/www.johanna-mathieu.fr\/index.php\/wp-json\/wp\/v2\/pages\/45"}],"collection":[{"href":"https:\/\/www.johanna-mathieu.fr\/index.php\/wp-json\/wp\/v2\/pages"}],"about":[{"href":"https:\/\/www.johanna-mathieu.fr\/index.php\/wp-json\/wp\/v2\/types\/page"}],"author":[{"embeddable":true,"href":"https:\/\/www.johanna-mathieu.fr\/index.php\/wp-json\/wp\/v2\/users\/3"}],"replies":[{"embeddable":true,"href":"https:\/\/www.johanna-mathieu.fr\/index.php\/wp-json\/wp\/v2\/comments?post=45"}],"version-history":[{"count":30,"href":"https:\/\/www.johanna-mathieu.fr\/index.php\/wp-json\/wp\/v2\/pages\/45\/revisions"}],"predecessor-version":[{"id":276,"href":"https:\/\/www.johanna-mathieu.fr\/index.php\/wp-json\/wp\/v2\/pages\/45\/revisions\/276"}],"wp:attachment":[{"href":"https:\/\/www.johanna-mathieu.fr\/index.php\/wp-json\/wp\/v2\/media?parent=45"}],"curies":[{"name":"wp","href":"https:\/\/api.w.org\/{rel}","templated":true}]}}