{"id":269,"date":"2023-06-12T23:05:55","date_gmt":"2023-06-12T21:05:55","guid":{"rendered":"https:\/\/www.johanna-mathieu.fr\/?page_id=269"},"modified":"2023-06-16T07:34:47","modified_gmt":"2023-06-16T05:34:47","slug":"le-brunch","status":"publish","type":"page","link":"https:\/\/www.johanna-mathieu.fr\/index.php\/le-brunch\/","title":{"rendered":"Le brunch"},"content":{"rendered":"\n<p class=\"has-text-align-center\">Afin de prolonger ces bons moments, nous invitons ceux qui le souhaitent \u00e0 nous rejoindre au m\u00eame endroit le lendemain, pour un brunch. <\/p>\n\n\n\n<p class=\"has-text-align-center\">Nous accueillerons avec plaisir les l\u00e8ve-t\u00f4t \u00e0 partir de 10h30, et les autres au fil de la journ\u00e9e !<\/p>\n\n\n\n<p class=\"has-text-align-center\">Que vous passiez pour une heure ou pour la journ\u00e9e, vous \u00eates les bienvenus.<\/p>\n\n\n\n<div style=\"height:34px\" aria-hidden=\"true\" class=\"wp-block-spacer\"><\/div>\n\n\n<div class=\"wp-block-image wp-duotone-unset-1\">\n<figure class=\"aligncenter is-resized\"><img loading=\"lazy\" decoding=\"async\" src=\"https:\/\/storage.googleapis.com\/www-johanna-mathieu-fr-wpcontent-eddbcfb94\/2023\/06\/46ecbe13-6562415-1024x683.jpg\" alt=\"\" class=\"wp-image-290\" width=\"870\" height=\"580\"\/><figcaption class=\"wp-element-caption\"><a href=\"http:\/\/www.freepik.com\/\">Designed by macrovector \/ Freepik<\/a><\/figcaption><\/figure><\/div>","protected":false},"excerpt":{"rendered":"<p>Afin de prolonger ces bons moments, nous invitons ceux qui le souhaitent \u00e0 nous rejoindre au m\u00eame endroit le lendemain, pour un brunch. Nous accueillerons avec plaisir les l\u00e8ve-t\u00f4t \u00e0 partir de 10h30, et les autres au fil de la journ\u00e9e ! Que vous passiez pour une heure ou pour la journ\u00e9e, vous \u00eates les <a class=\"more-link\" href=\"https:\/\/www.johanna-mathieu.fr\/index.php\/le-brunch\/\">Continuez la lecture <i class=\"fa fa-chevron-right\"><\/i><\/a><\/p>\n","protected":false},"author":2,"featured_media":0,"parent":0,"menu_order":0,"comment_status":"closed","ping_status":"closed","template":"","meta":{"footnotes":""},"class_list":["post-269","page","type-page","status-publish","hentry"],"_links":{"self":[{"href":"https:\/\/www.johanna-mathieu.fr\/index.php\/wp-json\/wp\/v2\/pages\/269"}],"collection":[{"href":"https:\/\/www.johanna-mathieu.fr\/index.php\/wp-json\/wp\/v2\/pages"}],"about":[{"href":"https:\/\/www.johanna-mathieu.fr\/index.php\/wp-json\/wp\/v2\/types\/page"}],"author":[{"embeddable":true,"href":"https:\/\/www.johanna-mathieu.fr\/index.php\/wp-json\/wp\/v2\/users\/2"}],"replies":[{"embeddable":true,"href":"https:\/\/www.johanna-mathieu.fr\/index.php\/wp-json\/wp\/v2\/comments?post=269"}],"version-history":[{"count":14,"href":"https:\/\/www.johanna-mathieu.fr\/index.php\/wp-json\/wp\/v2\/pages\/269\/revisions"}],"predecessor-version":[{"id":297,"href":"https:\/\/www.johanna-mathieu.fr\/index.php\/wp-json\/wp\/v2\/pages\/269\/revisions\/297"}],"wp:attachment":[{"href":"https:\/\/www.johanna-mathieu.fr\/index.php\/wp-json\/wp\/v2\/media?parent=269"}],"curies":[{"name":"wp","href":"https:\/\/api.w.org\/{rel}","templated":true}]}}