{"id":2,"date":"2023-05-31T22:41:33","date_gmt":"2023-05-31T20:41:33","guid":{"rendered":"https:\/\/www.johanna-mathieu.fr\/?page_id=2"},"modified":"2024-07-26T14:17:41","modified_gmt":"2024-07-26T12:17:41","slug":"page-d-exemple","status":"publish","type":"page","link":"https:\/\/www.johanna-mathieu.fr\/","title":{"rendered":"Venez f\u00eater avec nous !"},"content":{"rendered":"\n<figure class=\"wp-block-image size-full is-style-default\"><img loading=\"lazy\" decoding=\"async\" width=\"1656\" height=\"1103\" src=\"https:\/\/storage.googleapis.com\/www-johanna-mathieu-fr-wpcontent-eddbcfb94\/2023\/06\/6a71cdf7-photo_mariage.jpeg\" alt=\"\" class=\"wp-image-230\" style=\"object-fit:cover\" srcset=\"https:\/\/storage.googleapis.com\/www-johanna-mathieu-fr-wpcontent-eddbcfb94\/2023\/06\/6a71cdf7-photo_mariage.jpeg 1656w, https:\/\/storage.googleapis.com\/www-johanna-mathieu-fr-wpcontent-eddbcfb94\/2023\/06\/6a71cdf7-photo_mariage-300x200.jpeg 300w, https:\/\/storage.googleapis.com\/www-johanna-mathieu-fr-wpcontent-eddbcfb94\/2023\/06\/6a71cdf7-photo_mariage-1024x682.jpeg 1024w, https:\/\/storage.googleapis.com\/www-johanna-mathieu-fr-wpcontent-eddbcfb94\/2023\/06\/6a71cdf7-photo_mariage-768x512.jpeg 768w, https:\/\/storage.googleapis.com\/www-johanna-mathieu-fr-wpcontent-eddbcfb94\/2023\/06\/6a71cdf7-photo_mariage-1536x1023.jpeg 1536w\" sizes=\"(max-width: 1656px) 100vw, 1656px\" \/><\/figure>\n\n\n\n<div class=\"wp-block-columns is-layout-flex wp-container-core-columns-is-layout-1 wp-block-columns-is-layout-flex\">\n<div class=\"wp-block-column is-layout-flow wp-block-column-is-layout-flow\">\n<h2 class=\"wp-block-heading has-text-align-center\">10 ans d\u00e9j\u00e0 !<\/h2>\n\n\n\n<p class=\"has-text-align-center\">Le 20 juillet 2013, nous nous disions &#8220;oui&#8221; pour la vie. <\/p>\n\n\n\n<p class=\"has-text-align-center\">Venez f\u00eater avec nous cette premi\u00e8re d\u00e9cennie ! <\/p>\n\n\n\n<p class=\"has-text-align-center\">Nous esp\u00e9rons votre pr\u00e9sence le samedi 02 septembre 2023 \u00e0 18h00 \u00e0 Velaine-sous-Amance.<\/p>\n<\/div>\n\n\n\n<div class=\"wp-block-column is-layout-flow wp-block-column-is-layout-flow\">\n<h2 class=\"wp-block-heading has-text-align-center\">Ajouter \u00e0 l&#8217;agenda<\/h2>\n\n\n<div class=\"wp-block-image\">\n<figure class=\"aligncenter size-medium is-resized\"><img loading=\"lazy\" decoding=\"async\" width=\"300\" height=\"300\" src=\"https:\/\/storage.googleapis.com\/www-johanna-mathieu-fr-wpcontent-eddbcfb94\/2023\/06\/5d11afb8-qr_download-3-300x300.png\" alt=\"\" class=\"wp-image-218\" style=\"width:225px;height:225px\" srcset=\"https:\/\/storage.googleapis.com\/www-johanna-mathieu-fr-wpcontent-eddbcfb94\/2023\/06\/5d11afb8-qr_download-3-300x300.png 300w, https:\/\/storage.googleapis.com\/www-johanna-mathieu-fr-wpcontent-eddbcfb94\/2023\/06\/5d11afb8-qr_download-3-150x150.png 150w, https:\/\/storage.googleapis.com\/www-johanna-mathieu-fr-wpcontent-eddbcfb94\/2023\/06\/5d11afb8-qr_download-3-60x60.png 60w, https:\/\/storage.googleapis.com\/www-johanna-mathieu-fr-wpcontent-eddbcfb94\/2023\/06\/5d11afb8-qr_download-3.png 500w\" sizes=\"(max-width: 300px) 100vw, 300px\" \/><\/figure><\/div><\/div>\n\n\n\n<div class=\"wp-block-column is-vertically-aligned-top is-layout-flow wp-block-column-is-layout-flow\">\n<h2 class=\"wp-block-heading has-text-align-center\">Confirmer ma pr\u00e9sence<\/h2>\n\n\n\n<p class=\"has-text-align-center\">Pour nous indiquer si vous serez parmi nous, c&#8217;est juste ici !<\/p>\n\n\n\n<div class=\"wp-block-buttons is-content-justification-center is-layout-flex wp-container-core-buttons-is-layout-1 wp-block-buttons-is-layout-flex\">\n<div class=\"wp-block-button has-custom-width wp-block-button__width-50 has-custom-font-size is-style-outline has-medium-font-size is-style-outline--0a7e909e726ba895e18934522fcb4718\"><a class=\"wp-block-button__link has-text-color wp-element-button\" href=\"https:\/\/www.johanna-mathieu.fr\/index.php\/rsvp\/\" style=\"border-radius:33px;color:#a2b6a8\">RSVP<\/a><\/div>\n<\/div>\n\n\n\n<div style=\"height:20px\" aria-hidden=\"true\" class=\"wp-block-spacer\"><\/div>\n\n\n\n<p class=\"has-text-align-center\">Votre r\u00e9ponse est souhait\u00e9e pour le 15 juillet 2023.<\/p>\n<\/div>\n<\/div>\n\n\n\n<p><\/p>\n","protected":false},"excerpt":{"rendered":"<p>10 ans d\u00e9j\u00e0 ! Le 20 juillet 2013, nous nous disions &#8220;oui&#8221; pour la vie. Venez f\u00eater avec nous cette premi\u00e8re d\u00e9cennie ! Nous esp\u00e9rons votre pr\u00e9sence le samedi 02 septembre 2023 \u00e0 18h00 \u00e0 Velaine-sous-Amance. Ajouter \u00e0 l&#8217;agenda Confirmer ma pr\u00e9sence Pour nous indiquer si vous serez parmi nous, c&#8217;est juste ici ! Votre <a class=\"more-link\" href=\"https:\/\/www.johanna-mathieu.fr\/\">Continuez la lecture <i class=\"fa fa-chevron-right\"><\/i><\/a><\/p>\n","protected":false},"author":3,"featured_media":0,"parent":0,"menu_order":0,"comment_status":"closed","ping_status":"open","template":"","meta":{"footnotes":""},"class_list":["post-2","page","type-page","status-publish","hentry"],"_links":{"self":[{"href":"https:\/\/www.johanna-mathieu.fr\/index.php\/wp-json\/wp\/v2\/pages\/2"}],"collection":[{"href":"https:\/\/www.johanna-mathieu.fr\/index.php\/wp-json\/wp\/v2\/pages"}],"about":[{"href":"https:\/\/www.johanna-mathieu.fr\/index.php\/wp-json\/wp\/v2\/types\/page"}],"author":[{"embeddable":true,"href":"https:\/\/www.johanna-mathieu.fr\/index.php\/wp-json\/wp\/v2\/users\/3"}],"replies":[{"embeddable":true,"href":"https:\/\/www.johanna-mathieu.fr\/index.php\/wp-json\/wp\/v2\/comments?post=2"}],"version-history":[{"count":44,"href":"https:\/\/www.johanna-mathieu.fr\/index.php\/wp-json\/wp\/v2\/pages\/2\/revisions"}],"predecessor-version":[{"id":313,"href":"https:\/\/www.johanna-mathieu.fr\/index.php\/wp-json\/wp\/v2\/pages\/2\/revisions\/313"}],"wp:attachment":[{"href":"https:\/\/www.johanna-mathieu.fr\/index.php\/wp-json\/wp\/v2\/media?parent=2"}],"curies":[{"name":"wp","href":"https:\/\/api.w.org\/{rel}","templated":true}]}}